{"id":50,"date":"2018-11-22T06:54:57","date_gmt":"2018-11-22T05:54:57","guid":{"rendered":"http:\/\/taniegwozdzie.pl\/?page_id=50"},"modified":"2023-07-14T14:37:53","modified_gmt":"2023-07-14T12:37:53","slug":"home","status":"publish","type":"page","link":"https:\/\/taniegwozdzie.pl\/","title":{"rendered":"Home"},"content":{"rendered":"<p><!--themify_builder_static--><\/p>\n<h1>Welcome&nbsp;<\/h1>\n<p>Shop over thousands of handcraft products<\/p>\n<ul>\n<li>\n <a href=\"https:\/\/themify.org\/shoppe-craft\/product-category\/technology\/\"><img loading=\"lazy\" decoding=\"async\" src=\"https:\/\/themify.org\/shoppe-craft\/wp-content\/uploads\/sites\/54\/2023\/01\/drone-1.jpg\" alt=\"Technology\" width=\"300\" height=\"300\"><\/a> <a href=\"https:\/\/themify.org\/shoppe-craft\/product-category\/technology\/\"> <p><\/p>\n<h3> Technology <\/h3>\n<\/a><p><a href=\"https:\/\/themify.org\/shoppe-craft\/product-category\/technology\/\"> <\/a> <\/p>\n<ul>\n<li> <a href=\"https:\/\/themify.org\/shoppe-craft\/product-category\/technology\/smart-watch\/\"> Smart Watch <\/a> <\/li>\n<li> <a href=\"https:\/\/themify.org\/shoppe-craft\/product-category\/technology\/mobile\/\"> Mobile <\/a> <\/li>\n<li> <a href=\"https:\/\/themify.org\/shoppe-craft\/product-category\/technology\/computer\/\"> Computer <\/a> <\/li>\n<\/ul>\n<\/li>\n<li>\n <a href=\"https:\/\/themify.org\/shoppe-craft\/product-category\/office\/\"><img loading=\"lazy\" decoding=\"async\" src=\"https:\/\/themify.org\/shoppe-craft\/wp-content\/uploads\/sites\/54\/2023\/01\/office.jpg\" alt=\"Office\" width=\"300\" height=\"300\"><\/a> <a href=\"https:\/\/themify.org\/shoppe-craft\/product-category\/office\/\"> <p><\/p>\n<h3> Office <\/h3>\n<\/a><p><a href=\"https:\/\/themify.org\/shoppe-craft\/product-category\/office\/\"> <\/a> <\/p>\n<ul>\n<li> <a href=\"https:\/\/themify.org\/shoppe-craft\/product-category\/office\/lighting\/\"> Lighting <\/a> <\/li>\n<li> <a href=\"https:\/\/themify.org\/shoppe-craft\/product-category\/office\/docks-cases\/\"> Docks &amp; Cases <\/a> <\/li>\n<li> <a href=\"https:\/\/themify.org\/shoppe-craft\/product-category\/office\/decor\/\"> Decor <\/a> <\/li>\n<\/ul>\n<\/li>\n<li>\n <a href=\"https:\/\/themify.org\/shoppe-craft\/product-category\/furniture\/\"><img loading=\"lazy\" decoding=\"async\" src=\"https:\/\/themify.org\/shoppe-craft\/wp-content\/uploads\/sites\/54\/2023\/01\/furniture.jpg\" alt=\"Furniture\" width=\"300\" height=\"300\"><\/a> <a href=\"https:\/\/themify.org\/shoppe-craft\/product-category\/furniture\/\"> <p><\/p>\n<h3> Furniture <\/h3>\n<\/a><p><a href=\"https:\/\/themify.org\/shoppe-craft\/product-category\/furniture\/\"> <\/a> <\/p>\n<ul>\n<li> <a href=\"https:\/\/themify.org\/shoppe-craft\/product-category\/furniture\/storage\/\"> Storage <\/a> <\/li>\n<li> <a href=\"https:\/\/themify.org\/shoppe-craft\/product-category\/furniture\/lamp\/\"> Lamp <\/a> <\/li>\n<li> <a href=\"https:\/\/themify.org\/shoppe-craft\/product-category\/furniture\/chair\/\"> Chair <\/a> <\/li>\n<\/ul>\n<\/li>\n<li>\n <a href=\"https:\/\/themify.org\/shoppe-craft\/product-category\/accessories\/\"><img loading=\"lazy\" decoding=\"async\" src=\"https:\/\/themify.org\/shoppe-craft\/wp-content\/uploads\/sites\/54\/2023\/01\/accesories.jpg\" alt=\"Accessories\" width=\"300\" height=\"300\"><\/a> <a href=\"https:\/\/themify.org\/shoppe-craft\/product-category\/accessories\/\"> <p><\/p>\n<h3> Accessories <\/h3>\n<\/a><p><a href=\"https:\/\/themify.org\/shoppe-craft\/product-category\/accessories\/\"> <\/a> <\/p>\n<ul>\n<li> <a href=\"https:\/\/themify.org\/shoppe-craft\/product-category\/accessories\/watches\/\"> Watches <\/a> <\/li>\n<li> <a href=\"https:\/\/themify.org\/shoppe-craft\/product-category\/accessories\/vase\/\"> Vase <\/a> <\/li>\n<li> <a href=\"https:\/\/themify.org\/shoppe-craft\/product-category\/accessories\/jewellery\/\"> Jewellery <\/a> <\/li>\n<\/ul>\n<\/li>\n<\/ul>\n<h3>Trending<\/h3>\n<ul data-lazy=\"1\">\n<li>\n<figure> <a href=\"https:\/\/themify.org\/shoppe-craft\/product\/pandora-2018-woman-necklace\/\" title=\"Pandora 2018 Woman Necklace\"><img decoding=\"async\" src=\"https:\/\/themify.org\/shoppe-craft\/wp-content\/uploads\/sites\/54\/2018\/11\/woman-necklace.jpg\" title=\"woman-necklace\" alt=\"woman-necklace\" srcset=\"https:\/\/themify.org\/shoppe-craft\/wp-content\/uploads\/sites\/54\/2018\/11\/woman-necklace.jpg 680w, https:\/\/themify.org\/shoppe-craft\/wp-content\/uploads\/sites\/54\/2018\/11\/woman-necklace-272x300.jpg 272w, https:\/\/themify.org\/shoppe-craft\/wp-content\/uploads\/sites\/54\/2018\/11\/woman-necklace-600x662.jpg 600w, https:\/\/themify.org\/shoppe-craft\/wp-content\/uploads\/sites\/54\/2018\/11\/woman-necklace-300x331.jpg 300w\" sizes=\"(max-width: 680px) 100vw, 680px\"><\/a> <\/figure>\n<h3> <a href=\"https:\/\/themify.org\/shoppe-craft\/product\/pandora-2018-woman-necklace\/\" title=\"Pandora 2018 Woman Necklace\"> Pandora 2018 Woman Necklace <\/a> <\/h3>\n<p> <bdi>$790.00<\/bdi> <\/p>\n<p><a href=\"?add-to-cart=57\" data-quantity=\"1\" data-product_id=\"57\" data-product_sku=\"\" aria-label=\"Add \u201cPandora 2018 Woman Necklace\u201d to your cart\" rel=\"nofollow\">Add to cart<\/a><\/p>\n<\/li>\n<li>\n<figure> <a href=\"https:\/\/themify.org\/shoppe-craft\/product\/9\/\" title=\"Blue and Green Art Glass Vase\"><img decoding=\"async\" src=\"https:\/\/themify.org\/shoppe-craft\/wp-content\/uploads\/sites\/54\/2018\/11\/blue-glass-vase.jpg\" title=\"blue-glass-vase\" alt=\"blue-glass-vase\" srcset=\"https:\/\/themify.org\/shoppe-craft\/wp-content\/uploads\/sites\/54\/2018\/11\/blue-glass-vase.jpg 680w, https:\/\/themify.org\/shoppe-craft\/wp-content\/uploads\/sites\/54\/2018\/11\/blue-glass-vase-272x300.jpg 272w, https:\/\/themify.org\/shoppe-craft\/wp-content\/uploads\/sites\/54\/2018\/11\/blue-glass-vase-600x662.jpg 600w, https:\/\/themify.org\/shoppe-craft\/wp-content\/uploads\/sites\/54\/2018\/11\/blue-glass-vase-300x331.jpg 300w\" sizes=\"(max-width: 680px) 100vw, 680px\"><\/a> <\/figure>\n<h3> <a href=\"https:\/\/themify.org\/shoppe-craft\/product\/9\/\" title=\"Blue and Green Art Glass Vase\"> Blue and Green Art Glass Vase <\/a> <\/h3>\n<p> <bdi>$150.00<\/bdi> <\/p>\n<p><a href=\"?add-to-cart=56\" data-quantity=\"1\" data-product_id=\"56\" data-product_sku=\"\" aria-label=\"Add \u201cBlue and Green Art Glass Vase\u201d to your cart\" rel=\"nofollow\">Add to cart<\/a><\/p>\n<\/li>\n<li>\n<figure> <a href=\"https:\/\/themify.org\/shoppe-craft\/product\/black-vintage-style-lamp\/\" title=\"Black Vintage Style Lamp\"><img decoding=\"async\" src=\"https:\/\/themify.org\/shoppe-craft\/wp-content\/uploads\/sites\/54\/2018\/11\/vintage-lamp.jpg\" title=\"vintage-lamp\" alt=\"vintage-lamp\" srcset=\"https:\/\/themify.org\/shoppe-craft\/wp-content\/uploads\/sites\/54\/2018\/11\/vintage-lamp.jpg 680w, https:\/\/themify.org\/shoppe-craft\/wp-content\/uploads\/sites\/54\/2018\/11\/vintage-lamp-272x300.jpg 272w, https:\/\/themify.org\/shoppe-craft\/wp-content\/uploads\/sites\/54\/2018\/11\/vintage-lamp-600x662.jpg 600w, https:\/\/themify.org\/shoppe-craft\/wp-content\/uploads\/sites\/54\/2018\/11\/vintage-lamp-300x331.jpg 300w\" sizes=\"(max-width: 680px) 100vw, 680px\"><\/a> <\/figure>\n<h3> <a href=\"https:\/\/themify.org\/shoppe-craft\/product\/black-vintage-style-lamp\/\" title=\"Black Vintage Style Lamp\"> Black Vintage Style Lamp <\/a> <\/h3>\n<p> <bdi>$125.00<\/bdi> <\/p>\n<p><a href=\"?add-to-cart=55\" data-quantity=\"1\" data-product_id=\"55\" data-product_sku=\"\" aria-label=\"Add \u201cBlack Vintage Style Lamp\u201d to your cart\" rel=\"nofollow\">Add to cart<\/a><\/p>\n<\/li>\n<li>\n<figure> <a href=\"https:\/\/themify.org\/shoppe-craft\/product\/yellow-single-sofa\/\" title=\"Yellow Single Sofa\"><img decoding=\"async\" src=\"https:\/\/themify.org\/shoppe-craft\/wp-content\/uploads\/sites\/54\/2018\/11\/vintage-yellow-single-sofa.jpg\" title=\"vintage-yellow-single-sofa\" alt=\"vintage-yellow-single-sofa\" srcset=\"https:\/\/themify.org\/shoppe-craft\/wp-content\/uploads\/sites\/54\/2018\/11\/vintage-yellow-single-sofa.jpg 680w, https:\/\/themify.org\/shoppe-craft\/wp-content\/uploads\/sites\/54\/2018\/11\/vintage-yellow-single-sofa-272x300.jpg 272w, https:\/\/themify.org\/shoppe-craft\/wp-content\/uploads\/sites\/54\/2018\/11\/vintage-yellow-single-sofa-600x662.jpg 600w, https:\/\/themify.org\/shoppe-craft\/wp-content\/uploads\/sites\/54\/2018\/11\/vintage-yellow-single-sofa-300x331.jpg 300w\" sizes=\"(max-width: 680px) 100vw, 680px\"><\/a> <\/figure>\n<h3> <a href=\"https:\/\/themify.org\/shoppe-craft\/product\/yellow-single-sofa\/\" title=\"Yellow Single Sofa\"> Yellow Single Sofa <\/a> <\/h3>\n<p> <bdi>$250.00<\/bdi> <\/p>\n<p><a href=\"?add-to-cart=54\" data-quantity=\"1\" data-product_id=\"54\" data-product_sku=\"\" aria-label=\"Add \u201cYellow Single Sofa\u201d to your cart\" rel=\"nofollow\">Add to cart<\/a><\/p>\n<\/li>\n<li>\n<figure> <a href=\"https:\/\/themify.org\/shoppe-craft\/product\/1970-wood-cabinet\/\" title=\"1970 Wood Cabinet\"><img decoding=\"async\" src=\"https:\/\/themify.org\/shoppe-craft\/wp-content\/uploads\/sites\/54\/2018\/11\/wood-cuppboard-cabinet.jpg\" title=\"wood-cuppboard-cabinet\" alt=\"wood-cuppboard-cabinet\" srcset=\"https:\/\/themify.org\/shoppe-craft\/wp-content\/uploads\/sites\/54\/2018\/11\/wood-cuppboard-cabinet.jpg 680w, https:\/\/themify.org\/shoppe-craft\/wp-content\/uploads\/sites\/54\/2018\/11\/wood-cuppboard-cabinet-272x300.jpg 272w, https:\/\/themify.org\/shoppe-craft\/wp-content\/uploads\/sites\/54\/2018\/11\/wood-cuppboard-cabinet-600x662.jpg 600w, https:\/\/themify.org\/shoppe-craft\/wp-content\/uploads\/sites\/54\/2018\/11\/wood-cuppboard-cabinet-300x331.jpg 300w\" sizes=\"(max-width: 680px) 100vw, 680px\"><\/a> <\/figure>\n<h3> <a href=\"https:\/\/themify.org\/shoppe-craft\/product\/1970-wood-cabinet\/\" title=\"1970 Wood Cabinet\"> 1970 Wood Cabinet <\/a> <\/h3>\n<p> <bdi>$375.00<\/bdi> <\/p>\n<p><a href=\"?add-to-cart=53\" data-quantity=\"1\" data-product_id=\"53\" data-product_sku=\"\" aria-label=\"Add \u201c1970 Wood Cabinet\u201d to your cart\" rel=\"nofollow\">Add to cart<\/a><\/p>\n<\/li>\n<li>\n<figure> <a href=\"https:\/\/themify.org\/shoppe-craft\/product\/handmade-unique-desk-lamp\/\" title=\"Handmade Unique Desk Lamp\"><img decoding=\"async\" src=\"https:\/\/themify.org\/shoppe-craft\/wp-content\/uploads\/sites\/54\/2018\/11\/wood-craft-lamp.jpg\" title=\"wood-craft-lamp\" alt=\"wood-craft-lamp\" srcset=\"https:\/\/themify.org\/shoppe-craft\/wp-content\/uploads\/sites\/54\/2018\/11\/wood-craft-lamp.jpg 680w, https:\/\/themify.org\/shoppe-craft\/wp-content\/uploads\/sites\/54\/2018\/11\/wood-craft-lamp-272x300.jpg 272w, https:\/\/themify.org\/shoppe-craft\/wp-content\/uploads\/sites\/54\/2018\/11\/wood-craft-lamp-600x662.jpg 600w, https:\/\/themify.org\/shoppe-craft\/wp-content\/uploads\/sites\/54\/2018\/11\/wood-craft-lamp-300x331.jpg 300w\" sizes=\"(max-width: 680px) 100vw, 680px\"><\/a> <\/figure>\n<h3> <a href=\"https:\/\/themify.org\/shoppe-craft\/product\/handmade-unique-desk-lamp\/\" title=\"Handmade Unique Desk Lamp\"> Handmade Unique Desk Lamp <\/a> <\/h3>\n<p> <bdi>$125.00<\/bdi> <\/p>\n<p><a href=\"?add-to-cart=52\" data-quantity=\"1\" data-product_id=\"52\" data-product_sku=\"\" aria-label=\"Add \u201cHandmade Unique Desk Lamp\u201d to your cart\" rel=\"nofollow\">Add to cart<\/a><\/p>\n<\/li>\n<li>\n<figure> <a href=\"https:\/\/themify.org\/shoppe-craft\/product\/chicago-wood-single-chair\/\" title=\"Chicago Wood Single Chair\"><img decoding=\"async\" src=\"https:\/\/themify.org\/shoppe-craft\/wp-content\/uploads\/sites\/54\/2018\/11\/unique-wood-chair.jpg\" title=\"unique-wood-chair\" alt=\"unique-wood-chair\" srcset=\"https:\/\/themify.org\/shoppe-craft\/wp-content\/uploads\/sites\/54\/2018\/11\/unique-wood-chair.jpg 680w, https:\/\/themify.org\/shoppe-craft\/wp-content\/uploads\/sites\/54\/2018\/11\/unique-wood-chair-272x300.jpg 272w, https:\/\/themify.org\/shoppe-craft\/wp-content\/uploads\/sites\/54\/2018\/11\/unique-wood-chair-600x662.jpg 600w, https:\/\/themify.org\/shoppe-craft\/wp-content\/uploads\/sites\/54\/2018\/11\/unique-wood-chair-300x331.jpg 300w\" sizes=\"(max-width: 680px) 100vw, 680px\"><\/a> <\/figure>\n<h3> <a href=\"https:\/\/themify.org\/shoppe-craft\/product\/chicago-wood-single-chair\/\" title=\"Chicago Wood Single Chair\"> Chicago Wood Single Chair <\/a> <\/h3>\n<p> <bdi>$450.00<\/bdi> <\/p>\n<p><a href=\"?add-to-cart=51\" data-quantity=\"1\" data-product_id=\"51\" data-product_sku=\"\" aria-label=\"Add \u201cChicago Wood Single Chair\u201d to your cart\" rel=\"nofollow\">Add to cart<\/a><\/p>\n<\/li>\n<li>\n<figure> <a href=\"https:\/\/themify.org\/shoppe-craft\/product\/grey-vintage-sofa\/\" title=\"Grey Vintage Sofa\"><img decoding=\"async\" src=\"https:\/\/themify.org\/shoppe-craft\/wp-content\/uploads\/sites\/54\/2018\/11\/vintage-grey-sofa.jpg\" title=\"vintage-grey-sofa\" alt=\"vintage-grey-sofa\" srcset=\"https:\/\/themify.org\/shoppe-craft\/wp-content\/uploads\/sites\/54\/2018\/11\/vintage-grey-sofa.jpg 680w, https:\/\/themify.org\/shoppe-craft\/wp-content\/uploads\/sites\/54\/2018\/11\/vintage-grey-sofa-272x300.jpg 272w, https:\/\/themify.org\/shoppe-craft\/wp-content\/uploads\/sites\/54\/2018\/11\/vintage-grey-sofa-600x662.jpg 600w, https:\/\/themify.org\/shoppe-craft\/wp-content\/uploads\/sites\/54\/2018\/11\/vintage-grey-sofa-300x331.jpg 300w\" sizes=\"(max-width: 680px) 100vw, 680px\"><\/a> <\/figure>\n<h3> <a href=\"https:\/\/themify.org\/shoppe-craft\/product\/grey-vintage-sofa\/\" title=\"Grey Vintage Sofa\"> Grey Vintage Sofa <\/a> <\/h3>\n<p> <bdi>$780.00<\/bdi> <\/p>\n<p><a href=\"?add-to-cart=50\" data-quantity=\"1\" data-product_id=\"50\" data-product_sku=\"\" aria-label=\"Add \u201cGrey Vintage Sofa\u201d to your cart\" rel=\"nofollow\">Add to cart<\/a><\/p>\n<\/li>\n<\/ul>\n<p><a href=\"https:\/\/themify.me\/demo\/themes\/shoppe-craft\/shop\/\"><br>\n View All Products<br>\n <\/a><\/p>\n<h3>This Month Special<\/h3>\n<p>Armchair with removable cover with armrests<\/p>\n<p><a href=\"https:\/\/themify.me\/demo\/themes\/shoppe-craft\/shop\"><br>\n Buy Now<br>\n <\/a><br>\n<img loading=\"lazy\" decoding=\"async\" src=\"https:\/\/themify.org\/shoppe-craft\/wp-content\/uploads\/sites\/54\/2023\/01\/italian-saba-chair-600x489-1-600x489.png\" width=\"600\" height=\"489\" title=\"italian-saba-chair-600x489-1\" alt=\"italian-saba-chair-600x489-1\" srcset=\"https:\/\/themify.org\/shoppe-craft\/wp-content\/uploads\/sites\/54\/2023\/01\/italian-saba-chair-600x489-1.png 600w, https:\/\/themify.org\/shoppe-craft\/wp-content\/uploads\/sites\/54\/2023\/01\/italian-saba-chair-600x489-1-300x245.png 300w\" sizes=\"auto, (max-width: 600px) 100vw, 600px\"><\/p>\n<h3>Exclusive <br>Discounts<\/h3>\n<p>Subscribe to our Newsletter for exclusive discounts and offers.<\/p>\n<p><!--\/themify_builder_static--><\/p>\n\n<!-- wp:themify-builder\/canvas \/-->","protected":false},"excerpt":{"rendered":"<p>Welcome&nbsp; Shop over thousands of handcraft products Technology Smart Watch Mobile Computer Office Lighting Docks &amp; Cases Decor Furniture Storage Lamp Chair Accessories Watches Vase Jewellery Trending Pandora 2018 Woman Necklace $790.00 Add to cart Blue and Green Art Glass Vase $150.00 Add to cart Black Vintage Style Lamp $125.00 Add to cart Yellow Single [&hellip;]<\/p>\n","protected":false},"author":1,"featured_media":0,"parent":0,"menu_order":0,"comment_status":"closed","ping_status":"closed","template":"","meta":{"footnotes":""},"class_list":["post-50","page","type-page","status-publish","hentry","has-post-title","has-post-date","has-post-category","has-post-tag","has-post-comment","has-post-author",""],"builder_content":"<h2><strong>O nas<\/strong><\/h2>\n<p>Nasza firma ju\u017c od kilkunastu lat istnieje na Polskim rynku. W\u015br\u00f3d naszej konkurencji wyr\u00f3\u017cnia nas ta najwa\u017cniejsza cecha, najni\u017csza cena oraz mo\u017cliwo\u015b\u0107 negocjacji cenowych przy du\u017cych zam\u00f3wieniach. Zajmujemy si\u0119 sprzeda\u017c\u0105 gwo\u017adzi, drutu, druty spawalnicze, mat zbrojeniowych, wbijarek pneumatycznych do gwo\u017adzi jak i do zszywek. Firma nasza zajmuje si\u0119 r\u00f3wnie\u017c serwisem tego sprz\u0119tu jak i zak\u0142adaniem instalacji u klienta. Specjalizujemy si\u0119 w sprzeda\u017cy gwo\u017adzi luzem jak i \u0142\u0105czonych do pistolet\u00f3w. Gwo\u017adzie pakowane s\u0105 w du\u017ca gam\u0119 opakowa\u0144 od 1 kg do 1 tonowych karton\u00f3w, w zale\u017cno\u015bci od zam\u00f3wienia klienta. Ka\u017cdy gw\u00f3\u017ad\u017a mo\u017ce by\u0107 ocynkowany na \u017cyczenie klienta.<\/p>\n<img src=\"https:\/\/taniegwozdzie.pl\/wp-content\/uploads\/2023\/06\/truck_MECH_600x250.png\" title=\"truck_MECH_600x250\" alt=\"truck_MECH_600x250\" srcset=\"https:\/\/taniegwozdzie.pl\/wp-content\/uploads\/2023\/06\/truck_MECH_600x250.png 600w, https:\/\/taniegwozdzie.pl\/wp-content\/uploads\/2023\/06\/truck_MECH_600x250-300x125.png 300w\" sizes=\"(max-width: 600px) 100vw, 600px\" \/>\n<h2><strong>Transport<\/strong><\/h2>\n<p>Istnieje mo\u017cliwo\u015b\u0107 transportu naszymi samochodami <br>w dowolny wskazany przez klienta punkt.<\/p>\n<h2>Oferta<\/h2>\n<svg> <circle r=\"calc(50% - 1.00px)\" cx=\"50%\" cy=\"50%\" stroke-width=\"2\"\/> <circle r=\"calc(50% - 1.00px)\" cx=\"50%\" cy=\"50%\" stroke=\"#cc2323\" stroke-width=\"2\" data-progress=\"100\" stroke-dasharray=\"0,10000\"\/> <\/svg> <em style=\"color:#000000\"><svg xmlns:xlink=\"http:\/\/www.w3.org\/1999\/xlink\" aria-hidden=\"true\"><use href=\"#tf-fas-screwdriver-wrench\" xlink:href=\"#tf-fas-screwdriver-wrench\"><\/use><\/svg><\/em> \n <h3> \u015aruby <\/h3> <p>The first thing that brings someone to your app is a beautiful, original and modern look and feel.<\/p>\n<svg> <circle r=\"calc(50% - 1.00px)\" cx=\"50%\" cy=\"50%\" stroke-width=\"2\"\/> <circle r=\"calc(50% - 1.00px)\" cx=\"50%\" cy=\"50%\" stroke=\"#cc2323\" stroke-width=\"2\" data-progress=\"100\" stroke-dasharray=\"0,10000\"\/> <\/svg> <em style=\"color:#000000\"><svg xmlns:xlink=\"http:\/\/www.w3.org\/1999\/xlink\" aria-hidden=\"true\"><use href=\"#tf-fas-screwdriver-wrench\" xlink:href=\"#tf-fas-screwdriver-wrench\"><\/use><\/svg><\/em> \n <h3> Wkr\u0119ty <\/h3> <p>We create simple prototypes that can be transformed to efficient User experience<\/p>\n<svg> <circle r=\"calc(50% - 1.00px)\" cx=\"50%\" cy=\"50%\" stroke-width=\"2\"\/> <circle r=\"calc(50% - 1.00px)\" cx=\"50%\" cy=\"50%\" stroke=\"#cc2323\" stroke-width=\"2\" data-progress=\"100\" stroke-dasharray=\"0,10000\"\/> <\/svg> <em style=\"color:#000000\"><svg xmlns:xlink=\"http:\/\/www.w3.org\/1999\/xlink\" aria-hidden=\"true\"><use href=\"#tf-fas-screwdriver-wrench\" xlink:href=\"#tf-fas-screwdriver-wrench\"><\/use><\/svg><\/em> \n <h3> Nakr\u0119tki <\/h3> <p>The first thing that brings someone to your app is a beautiful, original and modern look and feel.<\/p>\n<svg> <circle r=\"calc(50% - 1.00px)\" cx=\"50%\" cy=\"50%\" stroke-width=\"2\"\/> <circle r=\"calc(50% - 1.00px)\" cx=\"50%\" cy=\"50%\" stroke=\"#cc2323\" stroke-width=\"2\" data-progress=\"100\" stroke-dasharray=\"0,10000\"\/> <\/svg> <em style=\"color:#000000\"><svg xmlns:xlink=\"http:\/\/www.w3.org\/1999\/xlink\" aria-hidden=\"true\"><use href=\"#tf-fas-hammer\" xlink:href=\"#tf-fas-hammer\"><\/use><\/svg><\/em> \n <h3> Gwo\u017adzie <\/h3> <p>We create simple prototypes that can be transformed to efficient User experience<\/p>\n<svg> <circle r=\"calc(50% - 1.00px)\" cx=\"50%\" cy=\"50%\" stroke-width=\"2\"\/> <circle r=\"calc(50% - 1.00px)\" cx=\"50%\" cy=\"50%\" stroke=\"#cc2323\" stroke-width=\"2\" data-progress=\"100\" stroke-dasharray=\"0,10000\"\/> <\/svg> <em style=\"color:#000000\"><svg xmlns:xlink=\"http:\/\/www.w3.org\/1999\/xlink\" aria-hidden=\"true\"><use href=\"#tf-fas-circle-dot\" xlink:href=\"#tf-fas-circle-dot\"><\/use><\/svg><\/em> \n <h3> Podk\u0142adki <\/h3> <p>To create software that people will actually use, you need to create software that\\'s simple and easy to use.<\/p>\n<svg> <circle r=\"calc(50% - 1.00px)\" cx=\"50%\" cy=\"50%\" stroke-width=\"2\"\/> <circle r=\"calc(50% - 1.00px)\" cx=\"50%\" cy=\"50%\" stroke=\"#cc2323\" stroke-width=\"2\" data-progress=\"100\" stroke-dasharray=\"0,10000\"\/> <\/svg> <em style=\"color:#000000\"><svg xmlns:xlink=\"http:\/\/www.w3.org\/1999\/xlink\" aria-hidden=\"true\"><use href=\"#tf-fab-connectdevelop\" xlink:href=\"#tf-fab-connectdevelop\"><\/use><\/svg><\/em> \n <h3> Pr\u0119ty <\/h3> <p>Our specialized in-house QA team does the review and testing of all the software we build.<\/p>\n<a href=\"https:\/\/taniegwozdzie.pl\/wp-content\/uploads\/2023\/07\/MECH-KATALOG-WEB.pdf\" target=\"_blank\" rel=\"noopener\"> <em><svg xmlns:xlink=\"http:\/\/www.w3.org\/1999\/xlink\" aria-hidden=\"true\"><use href=\"#tf-fas-download\" xlink:href=\"#tf-fas-download\"><\/use><\/svg><\/em> Pobierz katalog produkt\u00f3w PDF <\/a>\n<h2>Kontakt:<\/h2>\n<a href=\"mailto:%20mech@taniegwozdzie.pl\"> <em style=\"color:#edf3ff\" ><svg xmlns:xlink=\"http:\/\/www.w3.org\/1999\/xlink\" aria-hidden=\"true\"><use href=\"#tf-la-mail-bulk-solid\" xlink:href=\"#tf-la-mail-bulk-solid\"><\/use><\/svg><\/em> mech@taniegwozdzie.pl <\/a>\n<a href=\"tel:0048507128235\"> <em style=\"color:#edf3ff\" ><svg xmlns:xlink=\"http:\/\/www.w3.org\/1999\/xlink\" aria-hidden=\"true\"><use href=\"#tf-fas-mobile-alt\" xlink:href=\"#tf-fas-mobile-alt\"><\/use><\/svg><\/em> (+48) 507 128 235 <\/a>\n<a href=\"tel:0048509260709\"> <em style=\"color:#edf3ff\" ><svg xmlns:xlink=\"http:\/\/www.w3.org\/1999\/xlink\" aria-hidden=\"true\"><use href=\"#tf-fas-mobile-alt\" xlink:href=\"#tf-fas-mobile-alt\"><\/use><\/svg><\/em> (+48) 509 260 709 <\/a>\n<h2>Adres:<\/h2>\n<a href=\"https:\/\/goo.gl\/maps\/wdZ3s51H1wRHGKQt8\" rel=\"noopener\" target=\"_blank\"> <em style=\"color:#edf3ff\" ><svg xmlns:xlink=\"http:\/\/www.w3.org\/1999\/xlink\" aria-hidden=\"true\"><use href=\"#tf-fas-map-marker-alt\" xlink:href=\"#tf-fas-map-marker-alt\"><\/use><\/svg><\/em> Pipie 11 <br> 98-227 Br\u0105szewice <\/a>","_links":{"self":[{"href":"https:\/\/taniegwozdzie.pl\/index.php?rest_route=\/wp\/v2\/pages\/50","targetHints":{"allow":["GET"]}}],"collection":[{"href":"https:\/\/taniegwozdzie.pl\/index.php?rest_route=\/wp\/v2\/pages"}],"about":[{"href":"https:\/\/taniegwozdzie.pl\/index.php?rest_route=\/wp\/v2\/types\/page"}],"author":[{"embeddable":true,"href":"https:\/\/taniegwozdzie.pl\/index.php?rest_route=\/wp\/v2\/users\/1"}],"replies":[{"embeddable":true,"href":"https:\/\/taniegwozdzie.pl\/index.php?rest_route=%2Fwp%2Fv2%2Fcomments&post=50"}],"version-history":[{"count":43,"href":"https:\/\/taniegwozdzie.pl\/index.php?rest_route=\/wp\/v2\/pages\/50\/revisions"}],"predecessor-version":[{"id":189,"href":"https:\/\/taniegwozdzie.pl\/index.php?rest_route=\/wp\/v2\/pages\/50\/revisions\/189"}],"wp:attachment":[{"href":"https:\/\/taniegwozdzie.pl\/index.php?rest_route=%2Fwp%2Fv2%2Fmedia&parent=50"}],"curies":[{"name":"wp","href":"https:\/\/api.w.org\/{rel}","templated":true}]}}